{"id":394,"date":"2022-12-08T00:23:02","date_gmt":"2022-12-08T00:23:02","guid":{"rendered":"https:\/\/jgattorneyatlaw.com\/?page_id=394"},"modified":"2026-01-28T18:24:15","modified_gmt":"2026-01-28T18:24:15","slug":"nosotros","status":"publish","type":"page","link":"https:\/\/jgattorneyatlaw.com\/en\/nosotros\/","title":{"rendered":"About Us"},"content":{"rendered":"<div data-elementor-type=\"wp-page\" data-elementor-id=\"394\" class=\"elementor elementor-394\">\n\t\t\t\t\t\t<section class=\"elementor-section elementor-top-section elementor-element elementor-element-522b0670 elementor-section-boxed elementor-section-height-default elementor-section-height-default\" data-id=\"522b0670\" data-element_type=\"section\" data-e-type=\"section\" data-settings=\"{&quot;background_background&quot;:&quot;classic&quot;}\">\n\t\t\t\t\t\t\t<div class=\"elementor-background-overlay\"><\/div>\n\t\t\t\t\t\t\t<div class=\"elementor-container elementor-column-gap-default\">\n\t\t\t\t\t<div class=\"elementor-column elementor-col-100 elementor-top-column elementor-element elementor-element-5eb381d3\" data-id=\"5eb381d3\" data-element_type=\"column\" data-e-type=\"column\">\n\t\t\t<div class=\"elementor-widget-wrap elementor-element-populated\">\n\t\t\t\t\t\t<div class=\"elementor-element elementor-element-6b41e01c elementor-widget elementor-widget-heading\" data-id=\"6b41e01c\" data-element_type=\"widget\" data-e-type=\"widget\" data-widget_type=\"heading.default\">\n\t\t\t\t<div class=\"elementor-widget-container\">\n\t\t\t\t\t<h2 class=\"elementor-heading-title elementor-size-default\">About Us<\/h2>\t\t\t\t<\/div>\n\t\t\t\t<\/div>\n\t\t\t\t\t<\/div>\n\t\t<\/div>\n\t\t\t\t\t<\/div>\n\t\t<\/section>\n\t\t\t\t<section class=\"elementor-section elementor-top-section elementor-element elementor-element-d244d9b elementor-section-boxed elementor-section-height-default elementor-section-height-default\" data-id=\"d244d9b\" data-element_type=\"section\" data-e-type=\"section\" data-settings=\"{&quot;background_background&quot;:&quot;classic&quot;}\">\n\t\t\t\t\t\t\t<div class=\"elementor-background-overlay\"><\/div>\n\t\t\t\t\t\t\t<div class=\"elementor-container elementor-column-gap-default\">\n\t\t\t\t\t<div class=\"elementor-column elementor-col-50 elementor-top-column elementor-element elementor-element-da89024\" data-id=\"da89024\" data-element_type=\"column\" data-e-type=\"column\" data-settings=\"{&quot;background_background&quot;:&quot;classic&quot;}\">\n\t\t\t<div class=\"elementor-widget-wrap elementor-element-populated\">\n\t\t\t\t\t\t<div class=\"elementor-element elementor-element-5b8c5a91 elementor-widget elementor-widget-heading\" data-id=\"5b8c5a91\" data-element_type=\"widget\" data-e-type=\"widget\" data-widget_type=\"heading.default\">\n\t\t\t\t<div class=\"elementor-widget-container\">\n\t\t\t\t\t<h2 class=\"elementor-heading-title elementor-size-default\">About Our Firm<\/h2>\t\t\t\t<\/div>\n\t\t\t\t<\/div>\n\t\t\t\t<div class=\"elementor-element elementor-element-40818be elementor-widget-divider--view-line_icon elementor-view-default elementor-widget-divider--element-align-center elementor-widget elementor-widget-divider\" data-id=\"40818be\" data-element_type=\"widget\" data-e-type=\"widget\" data-widget_type=\"divider.default\">\n\t\t\t\t<div class=\"elementor-widget-container\">\n\t\t\t\t\t\t\t<div class=\"elementor-divider\">\n\t\t\t<span class=\"elementor-divider-separator\">\n\t\t\t\t\t\t\t<div class=\"elementor-icon elementor-divider__element\">\n\t\t\t\t\t<svg xmlns=\"http:\/\/www.w3.org\/2000\/svg\" viewbox=\"0 0 53.19 61.25\"><defs><style>.cls-1{fill:#f7b59e;}<\/style><\/defs><g id=\"Capa_2\" data-name=\"Capa 2\"><g id=\"Capa_1-2\" data-name=\"Capa 1\"><path class=\"cls-1\" d=\"M41.32,0H11.92A1.75,1.75,0,0,0,10.4,1.75v.1a1.75,1.75,0,0,0,1.74,1.77h29a1.75,1.75,0,0,0,1.74-1.77v-.1A1.75,1.75,0,0,0,41.32,0Z\"><\/path><path class=\"cls-1\" d=\"M47.26,6.26H5.92a6,6,0,0,0,0,12,6,6,0,0,0,5.5-3.78,1.4,1.4,0,0,0-.14-1.33,1.36,1.36,0,0,0-1.16-.62H9.45a1.68,1.68,0,0,0-1.5.88,2.34,2.34,0,0,1-2,1.21,2.38,2.38,0,0,1-2.33-2.36A2.34,2.34,0,0,1,5.92,9.91h7.92a2.68,2.68,0,0,1,2.66,2.7,9.6,9.6,0,0,1-.35,2.32l-.08.38s-.05.17-.14.43a10.29,10.29,0,0,1-.55,1.31c-.05.11-.12.22-.18.33l0,.1c-.14.24-.29.49-.46.75s-.28.4-.43.6-.35.44-.54.66l-.09.1-.15.17a11.84,11.84,0,0,1-7.61,3.57L6.4,27c5.86-.66,8.76-3.63,9.28-4.23h0l.2-.23h0l.61-.65v22l-.5-1a40.33,40.33,0,0,1-3.9-7.52l-1.34-4H7.07a44.23,44.23,0,0,0,5.27,12.49,45,45,0,0,0,3.78,5.22,45.67,45.67,0,0,0,4,4.14v-.08l.09.08v-41A2.3,2.3,0,0,1,22.46,9.9a2.4,2.4,0,0,1,2.38,2.41V59.43a1.59,1.59,0,0,0,.47,1.16l.16.17a1.62,1.62,0,0,0,2.33,0l.16-.17a1.59,1.59,0,0,0,.47-1.16V12.31A2.4,2.4,0,0,1,30.81,9.9a2.3,2.3,0,0,1,2.28,2.31v41a43.25,43.25,0,0,0,4-4.15,43.43,43.43,0,0,0,3.79-5.22,44,44,0,0,0,5.26-12.48H38.27v3.65h2.94l-.14.36a40.89,40.89,0,0,1-3.89,7.52l-.09.14-.41.81V21.63l.46.68a14.28,14.28,0,0,0,6.12,3.75l.22.06,0,.23c-.1.71-.22,1.43-.36,2.14h3.64c.1-.56.19-1.08.27-1.62.18-1.28.31-2.59.37-3.88a10,10,0,0,1-3.92-.72,10.72,10.72,0,0,1-6.77-9.66A2.69,2.69,0,0,1,39.35,9.9h7.91a2.35,2.35,0,0,1,2.34,2.36,2.39,2.39,0,0,1-2.34,2.37,2.34,2.34,0,0,1-2-1.21,1.71,1.71,0,0,0-1.51-.89h-.66a1.35,1.35,0,0,0-1.16.63,1.4,1.4,0,0,0-.14,1.33,5.94,5.94,0,1,0,5.49-8.23Z\"><\/path><\/g><\/g><\/svg><\/div>\n\t\t\t\t\t\t<\/span>\n\t\t<\/div>\n\t\t\t\t\t\t<\/div>\n\t\t\t\t<\/div>\n\t\t\t\t<div class=\"elementor-element elementor-element-de0e411 elementor-widget elementor-widget-text-editor\" data-id=\"de0e411\" data-element_type=\"widget\" data-e-type=\"widget\" data-widget_type=\"text-editor.default\">\n\t\t\t\t<div class=\"elementor-widget-container\">\n\t\t\t\t\t\t\t\t\t<p>Jackeline Gonzalez Attorney At Law PLLC was founded in 2022 by our CEO\/Attorney, Jackeline Gonzalez.<\/p><p>Our Firm has many practice areas: Family Law, Criminal Defense, Business Law, Estate Planning, Employment Law, but our area of focus is Immigration Law.<\/p>\t\t\t\t\t\t\t\t<\/div>\n\t\t\t\t<\/div>\n\t\t\t\t\t<\/div>\n\t\t<\/div>\n\t\t\t\t<div class=\"elementor-column elementor-col-50 elementor-top-column elementor-element elementor-element-36b2d3a\" data-id=\"36b2d3a\" data-element_type=\"column\" data-e-type=\"column\">\n\t\t\t<div class=\"elementor-widget-wrap\">\n\t\t\t\t\t\t\t<\/div>\n\t\t<\/div>\n\t\t\t\t\t<\/div>\n\t\t<\/section>\n\t\t\t\t<section class=\"elementor-section elementor-top-section elementor-element elementor-element-56f982c7 elementor-section-boxed elementor-section-height-default elementor-section-height-default\" data-id=\"56f982c7\" data-element_type=\"section\" data-e-type=\"section\" data-settings=\"{&quot;background_background&quot;:&quot;classic&quot;}\">\n\t\t\t\t\t\t<div class=\"elementor-container elementor-column-gap-no\">\n\t\t\t\t\t<div class=\"elementor-column elementor-col-100 elementor-top-column elementor-element elementor-element-6a424365\" data-id=\"6a424365\" data-element_type=\"column\" data-e-type=\"column\">\n\t\t\t<div class=\"elementor-widget-wrap elementor-element-populated\">\n\t\t\t\t\t\t<div class=\"elementor-element elementor-element-9f0a583 elementor-widget elementor-widget-heading\" data-id=\"9f0a583\" data-element_type=\"widget\" data-e-type=\"widget\" data-widget_type=\"heading.default\">\n\t\t\t\t<div class=\"elementor-widget-container\">\n\t\t\t\t\t<h2 class=\"elementor-heading-title elementor-size-default\">About <span style=\"color:#F4B49C;font-weight: bold\">Jackeline Gonz\u00e1lez<\/span> <\/h2>\t\t\t\t<\/div>\n\t\t\t\t<\/div>\n\t\t\t\t<div class=\"elementor-element elementor-element-7f2059e elementor-widget elementor-widget-heading\" data-id=\"7f2059e\" data-element_type=\"widget\" data-e-type=\"widget\" data-widget_type=\"heading.default\">\n\t\t\t\t<div class=\"elementor-widget-container\">\n\t\t\t\t\t<h2 class=\"elementor-heading-title elementor-size-default\">Lawyer\/CEO <\/h2>\t\t\t\t<\/div>\n\t\t\t\t<\/div>\n\t\t\t\t<div class=\"elementor-element elementor-element-5bb3390 elementor-widget-divider--view-line_icon elementor-view-default elementor-widget-divider--element-align-center elementor-widget elementor-widget-divider\" data-id=\"5bb3390\" data-element_type=\"widget\" data-e-type=\"widget\" data-widget_type=\"divider.default\">\n\t\t\t\t<div class=\"elementor-widget-container\">\n\t\t\t\t\t\t\t<div class=\"elementor-divider\">\n\t\t\t<span class=\"elementor-divider-separator\">\n\t\t\t\t\t\t\t<div class=\"elementor-icon elementor-divider__element\">\n\t\t\t\t\t<svg xmlns=\"http:\/\/www.w3.org\/2000\/svg\" viewbox=\"0 0 53.19 61.25\"><defs><style>.cls-1{fill:#f7b59e;}<\/style><\/defs><g id=\"Capa_2\" data-name=\"Capa 2\"><g id=\"Capa_1-2\" data-name=\"Capa 1\"><path class=\"cls-1\" d=\"M41.32,0H11.92A1.75,1.75,0,0,0,10.4,1.75v.1a1.75,1.75,0,0,0,1.74,1.77h29a1.75,1.75,0,0,0,1.74-1.77v-.1A1.75,1.75,0,0,0,41.32,0Z\"><\/path><path class=\"cls-1\" d=\"M47.26,6.26H5.92a6,6,0,0,0,0,12,6,6,0,0,0,5.5-3.78,1.4,1.4,0,0,0-.14-1.33,1.36,1.36,0,0,0-1.16-.62H9.45a1.68,1.68,0,0,0-1.5.88,2.34,2.34,0,0,1-2,1.21,2.38,2.38,0,0,1-2.33-2.36A2.34,2.34,0,0,1,5.92,9.91h7.92a2.68,2.68,0,0,1,2.66,2.7,9.6,9.6,0,0,1-.35,2.32l-.08.38s-.05.17-.14.43a10.29,10.29,0,0,1-.55,1.31c-.05.11-.12.22-.18.33l0,.1c-.14.24-.29.49-.46.75s-.28.4-.43.6-.35.44-.54.66l-.09.1-.15.17a11.84,11.84,0,0,1-7.61,3.57L6.4,27c5.86-.66,8.76-3.63,9.28-4.23h0l.2-.23h0l.61-.65v22l-.5-1a40.33,40.33,0,0,1-3.9-7.52l-1.34-4H7.07a44.23,44.23,0,0,0,5.27,12.49,45,45,0,0,0,3.78,5.22,45.67,45.67,0,0,0,4,4.14v-.08l.09.08v-41A2.3,2.3,0,0,1,22.46,9.9a2.4,2.4,0,0,1,2.38,2.41V59.43a1.59,1.59,0,0,0,.47,1.16l.16.17a1.62,1.62,0,0,0,2.33,0l.16-.17a1.59,1.59,0,0,0,.47-1.16V12.31A2.4,2.4,0,0,1,30.81,9.9a2.3,2.3,0,0,1,2.28,2.31v41a43.25,43.25,0,0,0,4-4.15,43.43,43.43,0,0,0,3.79-5.22,44,44,0,0,0,5.26-12.48H38.27v3.65h2.94l-.14.36a40.89,40.89,0,0,1-3.89,7.52l-.09.14-.41.81V21.63l.46.68a14.28,14.28,0,0,0,6.12,3.75l.22.06,0,.23c-.1.71-.22,1.43-.36,2.14h3.64c.1-.56.19-1.08.27-1.62.18-1.28.31-2.59.37-3.88a10,10,0,0,1-3.92-.72,10.72,10.72,0,0,1-6.77-9.66A2.69,2.69,0,0,1,39.35,9.9h7.91a2.35,2.35,0,0,1,2.34,2.36,2.39,2.39,0,0,1-2.34,2.37,2.34,2.34,0,0,1-2-1.21,1.71,1.71,0,0,0-1.51-.89h-.66a1.35,1.35,0,0,0-1.16.63,1.4,1.4,0,0,0-.14,1.33,5.94,5.94,0,1,0,5.49-8.23Z\"><\/path><\/g><\/g><\/svg><\/div>\n\t\t\t\t\t\t<\/span>\n\t\t<\/div>\n\t\t\t\t\t\t<\/div>\n\t\t\t\t<\/div>\n\t\t\t\t<section class=\"elementor-section elementor-inner-section elementor-element elementor-element-48aeab4 elementor-section-full_width elementor-section-content-top elementor-section-height-default elementor-section-height-default\" data-id=\"48aeab4\" data-element_type=\"section\" data-e-type=\"section\">\n\t\t\t\t\t\t<div class=\"elementor-container elementor-column-gap-no\">\n\t\t\t\t\t<div class=\"elementor-column elementor-col-50 elementor-inner-column elementor-element elementor-element-d5a9b38\" data-id=\"d5a9b38\" data-element_type=\"column\" data-e-type=\"column\">\n\t\t\t<div class=\"elementor-widget-wrap elementor-element-populated\">\n\t\t\t\t\t\t<div class=\"elementor-element elementor-element-5a4f7617 elementor-widget elementor-widget-text-editor\" data-id=\"5a4f7617\" data-element_type=\"widget\" data-e-type=\"widget\" data-widget_type=\"text-editor.default\">\n\t\t\t\t<div class=\"elementor-widget-container\">\n\t\t\t\t\t\t\t\t\t<p>Our attorney was born and raised in Pasadena, TX. She graduated from Pasadena High School in 2012 as the class Valedictorian at the age of seventeen. In 2015, she graduated from the University of Houston in just three years with a Bachelor of Business Administration and a Concentration in Human Resources. After graduating with a Bachelor's degree, she began her work experience in Human Resources in a Chemical and Packaging Company.<\/p><p>During this time, he worked full time while studying for the LSAT. In 2017, she was accepted to Law School and began her journey at Thurgood Marshall Law School. Our attorney was a full time law student and full time employee. Her tenure at Thurgood Marshall Law School was short as she graduated in two and a half years.<\/p>\t\t\t\t\t\t\t\t<\/div>\n\t\t\t\t<\/div>\n\t\t\t\t<div class=\"elementor-element elementor-element-fdc8402 elementor-widget elementor-widget-text-editor\" data-id=\"fdc8402\" data-element_type=\"widget\" data-e-type=\"widget\" data-widget_type=\"text-editor.default\">\n\t\t\t\t<div class=\"elementor-widget-container\">\n\t\t\t\t\t\t\t\t\t<p>Attorney Gonz\u00e1lez can empathize with all her clients since she is a descendant of immigrants. Her parents are from Sombreretillo Nuevo Le\u00f3n and Ojo De Agua Nuevo Le\u00f3n. Like any other immigrant who moved around the world, attorney Gonz\u00e1lez's parents wanted the American Dream for her three daughters, Stephanie, Jackeline and Lindsey.<\/p><p>The road to success has been very challenging but extremely rewarding.<\/p><p>Like any other immigrant who moved around the world, Attorney Gonz\u00e1lez's parents wanted the American Dream for her three daughters, Stephanie, Jackeline and Lindsey.<\/p>\t\t\t\t\t\t\t\t<\/div>\n\t\t\t\t<\/div>\n\t\t\t\t\t<\/div>\n\t\t<\/div>\n\t\t\t\t<div class=\"elementor-column elementor-col-50 elementor-inner-column elementor-element elementor-element-179aa88\" data-id=\"179aa88\" data-element_type=\"column\" data-e-type=\"column\">\n\t\t\t<div class=\"elementor-widget-wrap elementor-element-populated\">\n\t\t\t\t\t\t<div class=\"elementor-element elementor-element-1195443 elementor-widget elementor-widget-image\" data-id=\"1195443\" data-element_type=\"widget\" data-e-type=\"widget\" data-widget_type=\"image.default\">\n\t\t\t\t<div class=\"elementor-widget-container\">\n\t\t\t\t\t\t\t\t\t\t\t\t\t\t\t<img fetchpriority=\"high\" decoding=\"async\" width=\"528\" height=\"1000\" src=\"https:\/\/jgattorneyatlaw.com\/wp-content\/uploads\/2022\/12\/A-3-1.png\" class=\"attachment-large size-large wp-image-741\" alt=\"\" srcset=\"https:\/\/jgattorneyatlaw.com\/wp-content\/uploads\/2022\/12\/A-3-1.png 528w, https:\/\/jgattorneyatlaw.com\/wp-content\/uploads\/2022\/12\/A-3-1-158x300.png 158w, https:\/\/jgattorneyatlaw.com\/wp-content\/uploads\/2022\/12\/A-3-1-6x12.png 6w\" sizes=\"(max-width: 528px) 100vw, 528px\" \/>\t\t\t\t\t\t\t\t\t\t\t\t\t\t\t<\/div>\n\t\t\t\t<\/div>\n\t\t\t\t\t<\/div>\n\t\t<\/div>\n\t\t\t\t\t<\/div>\n\t\t<\/section>\n\t\t\t\t\t<\/div>\n\t\t<\/div>\n\t\t\t\t\t<\/div>\n\t\t<\/section>\n\t\t\t\t<section class=\"elementor-section elementor-top-section elementor-element elementor-element-510564dc elementor-section-boxed elementor-section-height-default elementor-section-height-default\" data-id=\"510564dc\" data-element_type=\"section\" data-e-type=\"section\" data-settings=\"{&quot;background_background&quot;:&quot;classic&quot;}\">\n\t\t\t\t\t\t\t<div class=\"elementor-background-overlay\"><\/div>\n\t\t\t\t\t\t\t<div class=\"elementor-container elementor-column-gap-default\">\n\t\t\t\t\t<div class=\"elementor-column elementor-col-50 elementor-top-column elementor-element elementor-element-3d303a13\" data-id=\"3d303a13\" data-element_type=\"column\" data-e-type=\"column\">\n\t\t\t<div class=\"elementor-widget-wrap elementor-element-populated\">\n\t\t\t\t\t\t<div class=\"elementor-element elementor-element-45143abd elementor-position-top elementor-widget elementor-widget-image-box\" data-id=\"45143abd\" data-element_type=\"widget\" data-e-type=\"widget\" data-widget_type=\"image-box.default\">\n\t\t\t\t<div class=\"elementor-widget-container\">\n\t\t\t\t\t<div class=\"elementor-image-box-wrapper\"><figure class=\"elementor-image-box-img\"><a href=\"tel:2819844146!\" tabindex=\"-1\"><img decoding=\"async\" width=\"416\" height=\"467\" src=\"https:\/\/jgattorneyatlaw.com\/wp-content\/uploads\/2022\/12\/cropped-Logo-e1670437127998.png\" class=\"attachment-full size-full wp-image-390\" alt=\"\" srcset=\"https:\/\/jgattorneyatlaw.com\/wp-content\/uploads\/2022\/12\/cropped-Logo-e1670437127998.png 416w, https:\/\/jgattorneyatlaw.com\/wp-content\/uploads\/2022\/12\/cropped-Logo-e1670437127998-267x300.png 267w\" sizes=\"(max-width: 416px) 100vw, 416px\" \/><\/a><\/figure><div class=\"elementor-image-box-content\"><h2 class=\"elementor-image-box-title\"><a href=\"tel:2819844146!\">Call us: <br><span style=\"color:#fff\"> 281-984-4146!<\/span><\/a><\/h2><p class=\"elementor-image-box-description\">You are in good hands, we are your allies.<\/p><\/div><\/div>\t\t\t\t<\/div>\n\t\t\t\t<\/div>\n\t\t\t\t\t<\/div>\n\t\t<\/div>\n\t\t\t\t<div class=\"elementor-column elementor-col-50 elementor-top-column elementor-element elementor-element-67cf886c\" data-id=\"67cf886c\" data-element_type=\"column\" data-e-type=\"column\">\n\t\t\t<div class=\"elementor-widget-wrap\">\n\t\t\t\t\t\t\t<\/div>\n\t\t<\/div>\n\t\t\t\t\t<\/div>\n\t\t<\/section>\n\t\t\t\t<section class=\"elementor-section elementor-top-section elementor-element elementor-element-2bd01bd7 elementor-section-height-min-height elementor-section-content-middle elementor-section-boxed elementor-section-height-default elementor-section-items-middle\" data-id=\"2bd01bd7\" data-element_type=\"section\" data-e-type=\"section\" data-settings=\"{&quot;background_background&quot;:&quot;classic&quot;}\">\n\t\t\t\t\t\t<div class=\"elementor-container elementor-column-gap-default\">\n\t\t\t\t\t<div class=\"elementor-column elementor-col-100 elementor-top-column elementor-element elementor-element-7caf976b\" data-id=\"7caf976b\" data-element_type=\"column\" data-e-type=\"column\">\n\t\t\t<div class=\"elementor-widget-wrap elementor-element-populated\">\n\t\t\t\t\t\t<div class=\"elementor-element elementor-element-5ba99b0d elementor-widget elementor-widget-heading\" data-id=\"5ba99b0d\" data-element_type=\"widget\" data-e-type=\"widget\" data-widget_type=\"heading.default\">\n\t\t\t\t<div class=\"elementor-widget-container\">\n\t\t\t\t\t<h2 class=\"elementor-heading-title elementor-size-default\">Testimonials<\/h2>\t\t\t\t<\/div>\n\t\t\t\t<\/div>\n\t\t\t\t<div class=\"elementor-element elementor-element-3aa58e6d elementor-widget-divider--view-line_icon elementor-view-default elementor-widget-divider--element-align-center elementor-widget elementor-widget-divider\" data-id=\"3aa58e6d\" data-element_type=\"widget\" data-e-type=\"widget\" data-widget_type=\"divider.default\">\n\t\t\t\t<div class=\"elementor-widget-container\">\n\t\t\t\t\t\t\t<div class=\"elementor-divider\">\n\t\t\t<span class=\"elementor-divider-separator\">\n\t\t\t\t\t\t\t<div class=\"elementor-icon elementor-divider__element\">\n\t\t\t\t\t<svg xmlns=\"http:\/\/www.w3.org\/2000\/svg\" viewbox=\"0 0 53.19 61.25\"><defs><style>.cls-1{fill:#f7b59e;}<\/style><\/defs><g id=\"Capa_2\" data-name=\"Capa 2\"><g id=\"Capa_1-2\" data-name=\"Capa 1\"><path class=\"cls-1\" d=\"M41.32,0H11.92A1.75,1.75,0,0,0,10.4,1.75v.1a1.75,1.75,0,0,0,1.74,1.77h29a1.75,1.75,0,0,0,1.74-1.77v-.1A1.75,1.75,0,0,0,41.32,0Z\"><\/path><path class=\"cls-1\" d=\"M47.26,6.26H5.92a6,6,0,0,0,0,12,6,6,0,0,0,5.5-3.78,1.4,1.4,0,0,0-.14-1.33,1.36,1.36,0,0,0-1.16-.62H9.45a1.68,1.68,0,0,0-1.5.88,2.34,2.34,0,0,1-2,1.21,2.38,2.38,0,0,1-2.33-2.36A2.34,2.34,0,0,1,5.92,9.91h7.92a2.68,2.68,0,0,1,2.66,2.7,9.6,9.6,0,0,1-.35,2.32l-.08.38s-.05.17-.14.43a10.29,10.29,0,0,1-.55,1.31c-.05.11-.12.22-.18.33l0,.1c-.14.24-.29.49-.46.75s-.28.4-.43.6-.35.44-.54.66l-.09.1-.15.17a11.84,11.84,0,0,1-7.61,3.57L6.4,27c5.86-.66,8.76-3.63,9.28-4.23h0l.2-.23h0l.61-.65v22l-.5-1a40.33,40.33,0,0,1-3.9-7.52l-1.34-4H7.07a44.23,44.23,0,0,0,5.27,12.49,45,45,0,0,0,3.78,5.22,45.67,45.67,0,0,0,4,4.14v-.08l.09.08v-41A2.3,2.3,0,0,1,22.46,9.9a2.4,2.4,0,0,1,2.38,2.41V59.43a1.59,1.59,0,0,0,.47,1.16l.16.17a1.62,1.62,0,0,0,2.33,0l.16-.17a1.59,1.59,0,0,0,.47-1.16V12.31A2.4,2.4,0,0,1,30.81,9.9a2.3,2.3,0,0,1,2.28,2.31v41a43.25,43.25,0,0,0,4-4.15,43.43,43.43,0,0,0,3.79-5.22,44,44,0,0,0,5.26-12.48H38.27v3.65h2.94l-.14.36a40.89,40.89,0,0,1-3.89,7.52l-.09.14-.41.81V21.63l.46.68a14.28,14.28,0,0,0,6.12,3.75l.22.06,0,.23c-.1.71-.22,1.43-.36,2.14h3.64c.1-.56.19-1.08.27-1.62.18-1.28.31-2.59.37-3.88a10,10,0,0,1-3.92-.72,10.72,10.72,0,0,1-6.77-9.66A2.69,2.69,0,0,1,39.35,9.9h7.91a2.35,2.35,0,0,1,2.34,2.36,2.39,2.39,0,0,1-2.34,2.37,2.34,2.34,0,0,1-2-1.21,1.71,1.71,0,0,0-1.51-.89h-.66a1.35,1.35,0,0,0-1.16.63,1.4,1.4,0,0,0-.14,1.33,5.94,5.94,0,1,0,5.49-8.23Z\"><\/path><\/g><\/g><\/svg><\/div>\n\t\t\t\t\t\t<\/span>\n\t\t<\/div>\n\t\t\t\t\t\t<\/div>\n\t\t\t\t<\/div>\n\t\t\t\t<div class=\"elementor-element elementor-element-2fe7a8b3 elementor-testimonial--layout-image_stacked elementor-testimonial--skin-default elementor-testimonial--align-center elementor-arrows-yes elementor-widget elementor-widget-testimonial-carousel\" data-id=\"2fe7a8b3\" data-element_type=\"widget\" data-e-type=\"widget\" data-settings=\"{&quot;slides_per_view&quot;:&quot;3&quot;,&quot;slides_to_scroll&quot;:&quot;2&quot;,&quot;speed&quot;:4000,&quot;autoplay_speed&quot;:2500,&quot;lazyload&quot;:&quot;yes&quot;,&quot;show_arrows&quot;:&quot;yes&quot;,&quot;autoplay&quot;:&quot;yes&quot;,&quot;loop&quot;:&quot;yes&quot;,&quot;pause_on_hover&quot;:&quot;yes&quot;,&quot;pause_on_interaction&quot;:&quot;yes&quot;,&quot;space_between&quot;:{&quot;unit&quot;:&quot;px&quot;,&quot;size&quot;:10,&quot;sizes&quot;:[]},&quot;space_between_tablet&quot;:{&quot;unit&quot;:&quot;px&quot;,&quot;size&quot;:10,&quot;sizes&quot;:[]},&quot;space_between_mobile&quot;:{&quot;unit&quot;:&quot;px&quot;,&quot;size&quot;:10,&quot;sizes&quot;:[]}}\" data-widget_type=\"testimonial-carousel.default\">\n\t\t\t\t<div class=\"elementor-widget-container\">\n\t\t\t\t\t\t\t<div class=\"elementor-swiper\">\n\t\t\t<div class=\"elementor-main-swiper swiper-container\">\n\t\t\t\t<div class=\"swiper-wrapper\">\n\t\t\t\t\t\t\t\t\t\t\t<div class=\"swiper-slide\">\n\t\t\t\t\t\t\t\t\t<div class=\"elementor-testimonial\">\n\t\t\t\t\t\t\t<div class=\"elementor-testimonial__content\">\n\t\t\t\t\t<div class=\"elementor-testimonial__text\">\n\t\t\t\t\t\t<img decoding=\"async\" src=\"https:\/\/jgattorneyatlaw.com\/wp-content\/uploads\/2026\/01\/Group-427321189.png\" width=\"335\" alt=\"Google review by\" \/>\n\t\t\t\t\t<\/div>\n\t\t\t\t\t\t\t\t\t<\/div>\n\t\t\t\t\t\t<div class=\"elementor-testimonial__footer\">\n\t\t\t\t\t\t\t\t\t\t\t<\/div>\n\t\t<\/div>\n\t\t\t\t\t\t\t\t<\/div>\n\t\t\t\t\t\t\t\t\t\t\t<div class=\"swiper-slide\">\n\t\t\t\t\t\t\t\t\t<div class=\"elementor-testimonial\">\n\t\t\t\t\t\t\t<div class=\"elementor-testimonial__content\">\n\t\t\t\t\t<div class=\"elementor-testimonial__text\">\n\t\t\t\t\t\t<img decoding=\"async\" src=\"https:\/\/jgattorneyatlaw.com\/wp-content\/uploads\/2026\/01\/Group-427321188.png\" width=\"335\" alt=\"Google review by\" \/>\n\t\t\t\t\t<\/div>\n\t\t\t\t\t\t\t\t\t<\/div>\n\t\t\t\t\t\t<div class=\"elementor-testimonial__footer\">\n\t\t\t\t\t\t\t\t\t\t\t<\/div>\n\t\t<\/div>\n\t\t\t\t\t\t\t\t<\/div>\n\t\t\t\t\t\t\t\t\t\t\t<div class=\"swiper-slide\">\n\t\t\t\t\t\t\t\t\t<div class=\"elementor-testimonial\">\n\t\t\t\t\t\t\t<div class=\"elementor-testimonial__content\">\n\t\t\t\t\t<div class=\"elementor-testimonial__text\">\n\t\t\t\t\t\t<img decoding=\"async\" src=\"https:\/\/jgattorneyatlaw.com\/wp-content\/uploads\/2026\/01\/Group-427321187.png\" width=\"335\" alt=\"Google review by\" \/>\n\t\t\t\t\t<\/div>\n\t\t\t\t\t\t\t\t\t<\/div>\n\t\t\t\t\t\t<div class=\"elementor-testimonial__footer\">\n\t\t\t\t\t\t\t\t\t\t\t<\/div>\n\t\t<\/div>\n\t\t\t\t\t\t\t\t<\/div>\n\t\t\t\t\t\t\t\t\t\t\t<div class=\"swiper-slide\">\n\t\t\t\t\t\t\t\t\t<div class=\"elementor-testimonial\">\n\t\t\t\t\t\t\t<div class=\"elementor-testimonial__content\">\n\t\t\t\t\t<div class=\"elementor-testimonial__text\">\n\t\t\t\t\t\t<img decoding=\"async\" src=\"https:\/\/jgattorneyatlaw.com\/wp-content\/uploads\/2026\/01\/Column.png\" width=\"335\" alt=\"Google review by\" \/>\n\t\t\t\t\t<\/div>\n\t\t\t\t\t\t\t\t\t<\/div>\n\t\t\t\t\t\t<div class=\"elementor-testimonial__footer\">\n\t\t\t\t\t\t\t\t\t\t\t<\/div>\n\t\t<\/div>\n\t\t\t\t\t\t\t\t<\/div>\n\t\t\t\t\t\t\t\t\t<\/div>\n\t\t\t\t\t\t\t\t\t\t\t\t\t\t\t\t\t\t\t\t<div class=\"elementor-swiper-button elementor-swiper-button-prev\">\n\t\t\t\t\t\t\t<i aria-hidden=\"true\" class=\"eicon-chevron-left\"><\/i>\t\t\t\t\t\t\t<span class=\"elementor-screen-only\">Previous<\/span>\n\t\t\t\t\t\t<\/div>\n\t\t\t\t\t\t<div class=\"elementor-swiper-button elementor-swiper-button-next\">\n\t\t\t\t\t\t\t<i aria-hidden=\"true\" class=\"eicon-chevron-right\"><\/i>\t\t\t\t\t\t\t<span class=\"elementor-screen-only\">Next<\/span>\n\t\t\t\t\t\t<\/div>\n\t\t\t\t\t\t\t\t\t\t\t\t<\/div>\n\t\t<\/div>\n\t\t\t\t\t\t<\/div>\n\t\t\t\t<\/div>\n\t\t\t\t\t<\/div>\n\t\t<\/div>\n\t\t\t\t\t<\/div>\n\t\t<\/section>\n\t\t\t\t<\/div>","protected":false},"excerpt":{"rendered":"<p>Nosotros Acerca de Nuestra Firma Jackeline Gonzalez Attorney At Law PLLC fue fundada en 2022 por nuestra CEO\/Abogada, Jackeline Gonzalez. Nuestra Firma tiene muchas \u00e1reas de pr\u00e1ctica: Derecho de Familia, Defensa Penal, Derecho Comercial, Planificaci\u00f3n Patrimonial, Derecho Laboral, pero nuestra \u00e1rea de enfoque es el Derecho de Inmigraci\u00f3n. Acerca de Jackeline Gonz\u00e1lez Abogada\/CEO Nuestra abogada [&hellip;]<\/p>\n","protected":false},"author":1,"featured_media":0,"parent":0,"menu_order":0,"comment_status":"closed","ping_status":"closed","template":"elementor_header_footer","meta":{"footnotes":""},"class_list":["post-394","page","type-page","status-publish","hentry"],"_links":{"self":[{"href":"https:\/\/jgattorneyatlaw.com\/en\/wp-json\/wp\/v2\/pages\/394","targetHints":{"allow":["GET"]}}],"collection":[{"href":"https:\/\/jgattorneyatlaw.com\/en\/wp-json\/wp\/v2\/pages"}],"about":[{"href":"https:\/\/jgattorneyatlaw.com\/en\/wp-json\/wp\/v2\/types\/page"}],"author":[{"embeddable":true,"href":"https:\/\/jgattorneyatlaw.com\/en\/wp-json\/wp\/v2\/users\/1"}],"replies":[{"embeddable":true,"href":"https:\/\/jgattorneyatlaw.com\/en\/wp-json\/wp\/v2\/comments?post=394"}],"version-history":[{"count":64,"href":"https:\/\/jgattorneyatlaw.com\/en\/wp-json\/wp\/v2\/pages\/394\/revisions"}],"predecessor-version":[{"id":1194,"href":"https:\/\/jgattorneyatlaw.com\/en\/wp-json\/wp\/v2\/pages\/394\/revisions\/1194"}],"wp:attachment":[{"href":"https:\/\/jgattorneyatlaw.com\/en\/wp-json\/wp\/v2\/media?parent=394"}],"curies":[{"name":"wp","href":"https:\/\/api.w.org\/{rel}","templated":true}]}}